{"id":1514,"date":"2026-01-26T15:51:02","date_gmt":"2026-01-26T15:51:02","guid":{"rendered":"https:\/\/duparchotel.it\/datenschutz-und-cookie-richtlinie\/"},"modified":"2026-03-16T14:07:07","modified_gmt":"2026-03-16T14:07:07","slug":"datenschutz-und-cookie-richtlinie","status":"publish","type":"page","link":"https:\/\/duparchotel.it\/de\/datenschutz-und-cookie-richtlinie\/","title":{"rendered":"Datenschutz- und Cookie-Richtlinie"},"content":{"rendered":"\t\t<div data-elementor-type=\"wp-page\" data-elementor-id=\"1514\" class=\"elementor elementor-1514 elementor-3\" data-elementor-post-type=\"page\">\n\t\t\t\t<div class=\"elementor-element elementor-element-4ea6f64c e-flex e-con-boxed e-con e-parent\" data-id=\"4ea6f64c\" data-element_type=\"container\" data-e-type=\"container\">\n\t\t\t\t\t<div class=\"e-con-inner\">\n\t\t\t\t<div class=\"elementor-element elementor-element-578b553a elementor-widget elementor-widget-text-editor\" data-id=\"578b553a\" data-element_type=\"widget\" data-e-type=\"widget\" data-widget_type=\"text-editor.default\">\n\t\t\t\t\t\t\t\t\t<p data-path-to-node=\"4\"><b data-path-to-node=\"4\" data-index-in-node=\"0\">Informationen gem\u00e4\u00df Art. 13-14 der EU-Verordnung 2016\/679 (DSGVO)<\/b><\/p><h3 data-path-to-node=\"5\"><b data-path-to-node=\"5\" data-index-in-node=\"0\">1. Verantwortlicher f\u00fcr die Datenverarbeitung<\/b><\/h3><p data-path-to-node=\"6\">Der Verantwortliche f\u00fcr die Datenverarbeitung ist <b data-path-to-node=\"6\" data-index-in-node=\"30\">KM DI MARE SRL<\/b> mit Sitz in Via G. Garibaldi, 129 &#8211; 47841 Cattolica (RN).<\/p><ul data-path-to-node=\"7\"><li><p data-path-to-node=\"7,0,0\"><b data-path-to-node=\"7,0,0\" data-index-in-node=\"0\">Kontakt:<\/b> duparchotel@kmdimare.com<\/p><\/li><li><p data-path-to-node=\"7,1,0\"><b data-path-to-node=\"7,1,0\" data-index-in-node=\"0\">PEC:<\/b> kmdimare@pec.it<\/p><\/li><li><p data-path-to-node=\"7,2,0\"><b data-path-to-node=\"7,2,0\" data-index-in-node=\"0\">USt-IdNr.:<\/b> 04569190400<\/p><\/li><\/ul><h3 data-path-to-node=\"8\"><b data-path-to-node=\"8\" data-index-in-node=\"0\">2. Zur Verarbeitung befugte Personen und Infrastruktur<\/b><\/h3><p data-path-to-node=\"9\">Die mit den Webdiensten dieser Website verbundenen Verarbeitungen werden ausschlie\u00dflich von Personal durchgef\u00fchrt, das vom Verantwortlichen autorisiert wurde.<\/p><ul data-path-to-node=\"10\"><li><p data-path-to-node=\"10,0,0\"><b data-path-to-node=\"10,0,0\" data-index-in-node=\"0\">Hosting:<\/b> Die Website wird auf Servern von <b data-path-to-node=\"10,0,0\" data-index-in-node=\"42\">Keliweb S.r.l.<\/b> gehostet, die sich in Italien (EU) befinden.<\/p><\/li><li><p data-path-to-node=\"10,1,0\"><b data-path-to-node=\"10,1,0\" data-index-in-node=\"0\">Technische Wartung:<\/b> Die Agentur <b data-path-to-node=\"10,1,0\" data-index-in-node=\"32\">Radio Bakery<\/b> (Riccione) ist ausschlie\u00dflich f\u00fcr die technische Wartung und Entwicklung der Website zust\u00e4ndig und agiert als Anbieter technologischer Dienstleistungen. Radio Bakery nutzt die erfassten Daten nicht eigenst\u00e4ndig; diese verbleiben in der vollst\u00e4ndigen und ausschlie\u00dflichen Verantwortung von KM DI MARE SRL. <\/p><\/li><li><p data-path-to-node=\"10,2,0\"><b data-path-to-node=\"10,2,0\" data-index-in-node=\"0\">Drittanbieterdienste:<\/b> Zur Bereitstellung von Angebots-, Buchungs- und Marketingdiensten ist die Website mit den Plattformen <b data-path-to-node=\"10,2,0\" data-index-in-node=\"128\">MrPreno<\/b>, <b data-path-to-node=\"10,2,0\" data-index-in-node=\"137\">Passepartout<\/b> und <b data-path-to-node=\"10,2,0\" data-index-in-node=\"152\">MailUp<\/b> integriert, die als Auftragsverarbeiter im Auftrag des Verantwortlichen t\u00e4tig sind.<\/p><\/li><\/ul><h3 data-path-to-node=\"11\"><b data-path-to-node=\"11\" data-index-in-node=\"0\">3. Art der erfassten Daten und Zwecke<\/b><\/h3><ul data-path-to-node=\"12\"><li><p data-path-to-node=\"12,0,0\"><b data-path-to-node=\"12,0,0\" data-index-in-node=\"0\">Navigationsdaten:<\/b> IP-Adressen oder Domainnamen der von den Nutzern verwendeten Computer. Diese Daten werden ausschlie\u00dflich verwendet, um anonyme statistische Informationen \u00fcber die Nutzung der Website zu erhalten und deren ordnungsgem\u00e4\u00dfe Funktion zu \u00fcberpr\u00fcfen. <\/p><\/li><li><p data-path-to-node=\"12,1,0\"><b data-path-to-node=\"12,1,0\" data-index-in-node=\"0\">Freiwillig bereitgestellte Daten (Kontakt- und Angebotsformulare):<\/b> Identifikationsdaten (Name, E-Mail, Telefon), die erforderlich sind, um auf Anfragen des Nutzers zu antworten (Rechtsgrundlage: Durchf\u00fchrung vorvertraglicher Ma\u00dfnahmen).<\/p><\/li><li><p data-path-to-node=\"12,2,0\"><b data-path-to-node=\"12,2,0\" data-index-in-node=\"0\">Buchungsdaten:<\/b> Daten, die f\u00fcr die Verwaltung des Aufenthalts und die damit verbundenen gesetzlichen Verpflichtungen erforderlich sind (Rechtsgrundlage: Vertrag und steuerliche Verpflichtungen).<\/p><\/li><li><p data-path-to-node=\"12,3,0\"><b data-path-to-node=\"12,3,0\" data-index-in-node=\"0\">Newsletter und Marketing:<\/b> Bei ausdr\u00fccklicher Einwilligung wird die E-Mail-Adresse f\u00fcr den Versand von Angeboten \u00fcber die Plattform <b data-path-to-node=\"12,3,0\" data-index-in-node=\"135\">MailUp<\/b> verwendet. Das System erm\u00f6glicht die Erfassung von Nachrichten\u00f6ffnungen und Klicks zur Verbesserung des Dienstes (Rechtsgrundlage: Einwilligung der betroffenen Person). <\/p><\/li><\/ul><h3 data-path-to-node=\"13\"><b data-path-to-node=\"13\" data-index-in-node=\"0\">4. Aufbewahrungsdauer<\/b><\/h3><p data-path-to-node=\"14\">Die Daten werden f\u00fcr die Zeit aufbewahrt, die f\u00fcr die Zwecke, f\u00fcr die sie erhoben wurden, unbedingt erforderlich ist: 36 Monate f\u00fcr Marketing- und Angebotszwecke und 10 Jahre f\u00fcr Daten im Zusammenhang mit wirtschaftlichen Transaktionen und Buchungen (gesetzliche Verpflichtungen).<\/p><h3 data-path-to-node=\"15\"><b data-path-to-node=\"15\" data-index-in-node=\"0\">5. Rechte der betroffenen Person<\/b><\/h3><p data-path-to-node=\"16\">Der Nutzer kann jederzeit sein Recht auf Auskunft, Berichtigung, L\u00f6schung oder Einschr\u00e4nkung seiner Daten aus\u00fcben, indem er an <b data-path-to-node=\"16\" data-index-in-node=\"132\">duparchotel@kmdimare.com<\/b> schreibt. Dar\u00fcber hinaus besteht die M\u00f6glichkeit, Beschwerde bei der Datenschutzbeh\u00f6rde (www.garanteprivacy.it) einzureichen. <\/p><hr data-path-to-node=\"17\"><h2 data-path-to-node=\"18\"><b data-path-to-node=\"18\" data-index-in-node=\"0\">COOKIE-RICHTLINIE<\/b><\/h2><h3 data-path-to-node=\"19\"><b data-path-to-node=\"19\" data-index-in-node=\"0\">Was sind Cookies<\/b><\/h3><p data-path-to-node=\"20\">Cookies sind kleine Textdateien, die von den vom Nutzer besuchten Websites an sein Endger\u00e4t gesendet werden, wo sie gespeichert werden, um bei einem erneuten Besuch an dieselben Websites zur\u00fcckgesendet zu werden.<\/p><h3 data-path-to-node=\"21\"><b data-path-to-node=\"21\" data-index-in-node=\"0\">Arten von Cookies, die auf dieser Website verwendet werden<\/b><\/h3><ol start=\"1\" data-path-to-node=\"22\"><li><p data-path-to-node=\"22,0,0\"><b data-path-to-node=\"22,0,0\" data-index-in-node=\"0\">Technische Cookies (Erforderlich):<\/b> Unverzichtbar f\u00fcr die Navigation, f\u00fcr das ordnungsgem\u00e4\u00dfe Funktionieren des Buchungssystems <b data-path-to-node=\"22,0,0\" data-index-in-node=\"121\">Passepartout<\/b> und f\u00fcr die Verwaltung der Cookie-Einwilligung.<\/p><\/li><li><p data-path-to-node=\"22,1,0\"><b data-path-to-node=\"22,1,0\" data-index-in-node=\"0\">Analytische Cookies (Google Analytics):<\/b> Werden verwendet, um Informationen in aggregierter und anonymer Form \u00fcber die Anzahl der Nutzer und deren Besuchsverhalten auf der Website zu erfassen. Die Daten\u00fcbertragung an Google (USA) erfolgt unter Einhaltung des EU-U.S. Data Privacy Framework. <\/p><\/li><li><p data-path-to-node=\"22,2,0\"><b data-path-to-node=\"22,2,0\" data-index-in-node=\"0\">Cookies von Drittanbietern (MrPreno und MailUp):<\/b> Erforderlich f\u00fcr das Funktionieren der Angebotsformulare und f\u00fcr das technische Tracking von Newsletter-Anmeldungen.<\/p><\/li><li><p data-path-to-node=\"22,3,0\"><b data-path-to-node=\"22,3,0\" data-index-in-node=\"0\">Profiling-\/Marketing-Cookies (Facebook Pixel):<\/b> Falls vorhanden, werden sie verwendet, um dem Nutzer relevante Werbeanzeigen auf Social-Media-Plattformen anzuzeigen.<\/p><\/li><\/ol><h3 data-path-to-node=\"23\"><b data-path-to-node=\"23\" data-index-in-node=\"0\">Liste der wichtigsten Cookies<\/b><\/h3><ul data-path-to-node=\"24\"><li><p data-path-to-node=\"24,0,0\"><b data-path-to-node=\"24,0,0\" data-index-in-node=\"0\">PHPSESSID:<\/b> Technisches Sitzungs-Cookie.<\/p><\/li><li><p data-path-to-node=\"24,1,0\"><b data-path-to-node=\"24,1,0\" data-index-in-node=\"0\">CookiePolicy:<\/b> Speichert die Einwilligung des Nutzers (Dauer 1 Jahr).<\/p><\/li><li><p data-path-to-node=\"24,2,0\"><b data-path-to-node=\"24,2,0\" data-index-in-node=\"0\">_ga, _gid:<\/b> Statistiken von Google Analytics (Dauer bis zu 2 Jahre).<\/p><\/li><li><p data-path-to-node=\"24,3,0\"><b data-path-to-node=\"24,3,0\" data-index-in-node=\"0\">_MRU, MR_dsm:<\/b> Technisches Funktionieren des MrPreno-Widgets.<\/p><\/li><li><p data-path-to-node=\"24,4,0\"><b data-path-to-node=\"24,4,0\" data-index-in-node=\"0\">track_:<\/b> Statistisches Tracking von MailUp-Versendungen.<\/p><\/li><\/ul><h3 data-path-to-node=\"25\"><b data-path-to-node=\"25\" data-index-in-node=\"0\">Verwaltung von Cookies<\/b><\/h3><p data-path-to-node=\"26\">Der Nutzer kann die Einwilligung zur Installation nicht erforderlicher Cookies \u00fcber das beim ersten Zugriff angezeigte Banner verweigern oder die Einstellungen seines Browsers \u00e4ndern. Die Deaktivierung technischer Cookies k\u00f6nnte die Nutzung des Online-Buchungssystems beeintr\u00e4chtigen. <\/p>\t\t\t\t\t\t\t\t<\/div>\n\t\t\t\t\t<\/div>\n\t\t\t\t<\/div>\n\t\t\t\t<\/div>\n\t\t","protected":false},"excerpt":{"rendered":"<p>Informationen gem\u00e4\u00df Art. 13-14 der EU-Verordnung 2016\/679 (DSGVO) 1. Verantwortlicher f\u00fcr die Datenverarbeitung Der Verantwortliche f\u00fcr die Datenverarbeitung ist KM [&hellip;]<\/p>\n","protected":false},"author":1,"featured_media":0,"parent":0,"menu_order":0,"comment_status":"closed","ping_status":"closed","template":"","meta":{"site-sidebar-layout":"default","site-content-layout":"","ast-site-content-layout":"default","site-content-style":"default","site-sidebar-style":"default","ast-global-header-display":"","ast-banner-title-visibility":"","ast-main-header-display":"","ast-hfb-above-header-display":"","ast-hfb-below-header-display":"","ast-hfb-mobile-header-display":"","site-post-title":"","ast-breadcrumbs-content":"","ast-featured-img":"","footer-sml-layout":"","ast-disable-related-posts":"","theme-transparent-header-meta":"","adv-header-id-meta":"","stick-header-meta":"","header-above-stick-meta":"","header-main-stick-meta":"","header-below-stick-meta":"","astra-migrate-meta-layouts":"default","ast-page-background-enabled":"default","ast-page-background-meta":{"desktop":{"background-color":"var(--ast-global-color-5)","background-image":"","background-repeat":"repeat","background-position":"center center","background-size":"auto","background-attachment":"scroll","background-type":"","background-media":"","overlay-type":"","overlay-color":"","overlay-opacity":"","overlay-gradient":""},"tablet":{"background-color":"","background-image":"","background-repeat":"repeat","background-position":"center center","background-size":"auto","background-attachment":"scroll","background-type":"","background-media":"","overlay-type":"","overlay-color":"","overlay-opacity":"","overlay-gradient":""},"mobile":{"background-color":"","background-image":"","background-repeat":"repeat","background-position":"center center","background-size":"auto","background-attachment":"scroll","background-type":"","background-media":"","overlay-type":"","overlay-color":"","overlay-opacity":"","overlay-gradient":""}},"ast-content-background-meta":{"desktop":{"background-color":"var(--ast-global-color-4)","background-image":"","background-repeat":"repeat","background-position":"center center","background-size":"auto","background-attachment":"scroll","background-type":"","background-media":"","overlay-type":"","overlay-color":"","overlay-opacity":"","overlay-gradient":""},"tablet":{"background-color":"var(--ast-global-color-4)","background-image":"","background-repeat":"repeat","background-position":"center center","background-size":"auto","background-attachment":"scroll","background-type":"","background-media":"","overlay-type":"","overlay-color":"","overlay-opacity":"","overlay-gradient":""},"mobile":{"background-color":"var(--ast-global-color-4)","background-image":"","background-repeat":"repeat","background-position":"center center","background-size":"auto","background-attachment":"scroll","background-type":"","background-media":"","overlay-type":"","overlay-color":"","overlay-opacity":"","overlay-gradient":""}},"footnotes":""},"class_list":["post-1514","page","type-page","status-publish","hentry"],"yoast_head":"<!-- This site is optimized with the Yoast SEO plugin v27.3 - https:\/\/yoast.com\/product\/yoast-seo-wordpress\/ -->\n<title>Datenschutz- und Cookie-Richtlinie - Hotel Du Parc 4 stelle Gabicce Mare<\/title>\n<meta name=\"robots\" content=\"noindex, nofollow\" \/>\n<meta property=\"og:locale\" content=\"de_DE\" \/>\n<meta property=\"og:type\" content=\"article\" \/>\n<meta property=\"og:title\" content=\"Datenschutz- und Cookie-Richtlinie - Hotel Du Parc 4 stelle Gabicce Mare\" \/>\n<meta property=\"og:description\" content=\"Informationen gem\u00e4\u00df Art. 13-14 der EU-Verordnung 2016\/679 (DSGVO) 1. Verantwortlicher f\u00fcr die Datenverarbeitung Der Verantwortliche f\u00fcr die Datenverarbeitung ist KM [&hellip;]\" \/>\n<meta property=\"og:url\" content=\"https:\/\/duparchotel.it\/de\/datenschutz-und-cookie-richtlinie\/\" \/>\n<meta property=\"og:site_name\" content=\"Hotel Du Parc 4 stelle Gabicce Mare\" \/>\n<meta property=\"article:publisher\" content=\"https:\/\/www.facebook.com\/duparchotelgabicce\" \/>\n<meta property=\"article:modified_time\" content=\"2026-03-16T14:07:07+00:00\" \/>\n<meta property=\"og:image\" content=\"https:\/\/duparchotel.it\/wp-content\/uploads\/2026\/02\/Piscina-Hotel-Du-Parc-Gabicce.jpg\" \/>\n\t<meta property=\"og:image:width\" content=\"1920\" \/>\n\t<meta property=\"og:image:height\" content=\"1280\" \/>\n\t<meta property=\"og:image:type\" content=\"image\/jpeg\" \/>\n<meta name=\"twitter:card\" content=\"summary_large_image\" \/>\n<meta name=\"twitter:label1\" content=\"Gesch\u00e4tzte Lesezeit\" \/>\n\t<meta name=\"twitter:data1\" content=\"3\u00a0Minuten\" \/>\n<script type=\"application\/ld+json\" class=\"yoast-schema-graph\">{\"@context\":\"https:\\\/\\\/schema.org\",\"@graph\":[{\"@type\":\"WebPage\",\"@id\":\"https:\\\/\\\/duparchotel.it\\\/de\\\/datenschutz-und-cookie-richtlinie\\\/\",\"url\":\"https:\\\/\\\/duparchotel.it\\\/de\\\/datenschutz-und-cookie-richtlinie\\\/\",\"name\":\"Datenschutz- und Cookie-Richtlinie - Hotel Du Parc 4 stelle Gabicce Mare\",\"isPartOf\":{\"@id\":\"https:\\\/\\\/duparchotel.it\\\/de\\\/#website\"},\"datePublished\":\"2026-01-26T15:51:02+00:00\",\"dateModified\":\"2026-03-16T14:07:07+00:00\",\"breadcrumb\":{\"@id\":\"https:\\\/\\\/duparchotel.it\\\/de\\\/datenschutz-und-cookie-richtlinie\\\/#breadcrumb\"},\"inLanguage\":\"de\",\"potentialAction\":[{\"@type\":\"ReadAction\",\"target\":[\"https:\\\/\\\/duparchotel.it\\\/de\\\/datenschutz-und-cookie-richtlinie\\\/\"]}]},{\"@type\":\"BreadcrumbList\",\"@id\":\"https:\\\/\\\/duparchotel.it\\\/de\\\/datenschutz-und-cookie-richtlinie\\\/#breadcrumb\",\"itemListElement\":[{\"@type\":\"ListItem\",\"position\":1,\"name\":\"Home\",\"item\":\"https:\\\/\\\/duparchotel.it\\\/de\\\/hotel-du-parc-4-sterne-gabicce-mare\\\/\"},{\"@type\":\"ListItem\",\"position\":2,\"name\":\"Datenschutz- und Cookie-Richtlinie\"}]},{\"@type\":\"WebSite\",\"@id\":\"https:\\\/\\\/duparchotel.it\\\/de\\\/#website\",\"url\":\"https:\\\/\\\/duparchotel.it\\\/de\\\/\",\"name\":\"Hotel Du Parc 4 stelle Gabicce Mare\",\"description\":\"Il tuo lifestyle hotel 4 stelle: sul mare in mezzo alla natura del Monte San Bartolo\",\"publisher\":{\"@id\":\"https:\\\/\\\/duparchotel.it\\\/de\\\/#organization\"},\"potentialAction\":[{\"@type\":\"SearchAction\",\"target\":{\"@type\":\"EntryPoint\",\"urlTemplate\":\"https:\\\/\\\/duparchotel.it\\\/de\\\/?s={search_term_string}\"},\"query-input\":{\"@type\":\"PropertyValueSpecification\",\"valueRequired\":true,\"valueName\":\"search_term_string\"}}],\"inLanguage\":\"de\"},{\"@type\":\"Organization\",\"@id\":\"https:\\\/\\\/duparchotel.it\\\/de\\\/#organization\",\"name\":\"Hotel Du Parc - Gabicce Mare\",\"url\":\"https:\\\/\\\/duparchotel.it\\\/de\\\/\",\"logo\":{\"@type\":\"ImageObject\",\"inLanguage\":\"de\",\"@id\":\"https:\\\/\\\/duparchotel.it\\\/de\\\/#\\\/schema\\\/logo\\\/image\\\/\",\"url\":\"https:\\\/\\\/duparchotel.it\\\/wp-content\\\/uploads\\\/2026\\\/03\\\/Hotel-Du-Parc.png\",\"contentUrl\":\"https:\\\/\\\/duparchotel.it\\\/wp-content\\\/uploads\\\/2026\\\/03\\\/Hotel-Du-Parc.png\",\"width\":1617,\"height\":254,\"caption\":\"Hotel Du Parc - Gabicce Mare\"},\"image\":{\"@id\":\"https:\\\/\\\/duparchotel.it\\\/de\\\/#\\\/schema\\\/logo\\\/image\\\/\"},\"sameAs\":[\"https:\\\/\\\/www.facebook.com\\\/duparchotelgabicce\",\"https:\\\/\\\/www.instagram.com\\\/duparchotel.gabicce\\\/\"]}]}<\/script>\n<!-- \/ Yoast SEO plugin. -->","yoast_head_json":{"title":"Datenschutz- und Cookie-Richtlinie - Hotel Du Parc 4 stelle Gabicce Mare","robots":{"index":"noindex","follow":"nofollow"},"og_locale":"de_DE","og_type":"article","og_title":"Datenschutz- und Cookie-Richtlinie - Hotel Du Parc 4 stelle Gabicce Mare","og_description":"Informationen gem\u00e4\u00df Art. 13-14 der EU-Verordnung 2016\/679 (DSGVO) 1. Verantwortlicher f\u00fcr die Datenverarbeitung Der Verantwortliche f\u00fcr die Datenverarbeitung ist KM [&hellip;]","og_url":"https:\/\/duparchotel.it\/de\/datenschutz-und-cookie-richtlinie\/","og_site_name":"Hotel Du Parc 4 stelle Gabicce Mare","article_publisher":"https:\/\/www.facebook.com\/duparchotelgabicce","article_modified_time":"2026-03-16T14:07:07+00:00","og_image":[{"width":1920,"height":1280,"url":"https:\/\/duparchotel.it\/wp-content\/uploads\/2026\/02\/Piscina-Hotel-Du-Parc-Gabicce.jpg","type":"image\/jpeg"}],"twitter_card":"summary_large_image","twitter_misc":{"Gesch\u00e4tzte Lesezeit":"3\u00a0Minuten"},"schema":{"@context":"https:\/\/schema.org","@graph":[{"@type":"WebPage","@id":"https:\/\/duparchotel.it\/de\/datenschutz-und-cookie-richtlinie\/","url":"https:\/\/duparchotel.it\/de\/datenschutz-und-cookie-richtlinie\/","name":"Datenschutz- und Cookie-Richtlinie - Hotel Du Parc 4 stelle Gabicce Mare","isPartOf":{"@id":"https:\/\/duparchotel.it\/de\/#website"},"datePublished":"2026-01-26T15:51:02+00:00","dateModified":"2026-03-16T14:07:07+00:00","breadcrumb":{"@id":"https:\/\/duparchotel.it\/de\/datenschutz-und-cookie-richtlinie\/#breadcrumb"},"inLanguage":"de","potentialAction":[{"@type":"ReadAction","target":["https:\/\/duparchotel.it\/de\/datenschutz-und-cookie-richtlinie\/"]}]},{"@type":"BreadcrumbList","@id":"https:\/\/duparchotel.it\/de\/datenschutz-und-cookie-richtlinie\/#breadcrumb","itemListElement":[{"@type":"ListItem","position":1,"name":"Home","item":"https:\/\/duparchotel.it\/de\/hotel-du-parc-4-sterne-gabicce-mare\/"},{"@type":"ListItem","position":2,"name":"Datenschutz- und Cookie-Richtlinie"}]},{"@type":"WebSite","@id":"https:\/\/duparchotel.it\/de\/#website","url":"https:\/\/duparchotel.it\/de\/","name":"Hotel Du Parc 4 stelle Gabicce Mare","description":"Il tuo lifestyle hotel 4 stelle: sul mare in mezzo alla natura del Monte San Bartolo","publisher":{"@id":"https:\/\/duparchotel.it\/de\/#organization"},"potentialAction":[{"@type":"SearchAction","target":{"@type":"EntryPoint","urlTemplate":"https:\/\/duparchotel.it\/de\/?s={search_term_string}"},"query-input":{"@type":"PropertyValueSpecification","valueRequired":true,"valueName":"search_term_string"}}],"inLanguage":"de"},{"@type":"Organization","@id":"https:\/\/duparchotel.it\/de\/#organization","name":"Hotel Du Parc - Gabicce Mare","url":"https:\/\/duparchotel.it\/de\/","logo":{"@type":"ImageObject","inLanguage":"de","@id":"https:\/\/duparchotel.it\/de\/#\/schema\/logo\/image\/","url":"https:\/\/duparchotel.it\/wp-content\/uploads\/2026\/03\/Hotel-Du-Parc.png","contentUrl":"https:\/\/duparchotel.it\/wp-content\/uploads\/2026\/03\/Hotel-Du-Parc.png","width":1617,"height":254,"caption":"Hotel Du Parc - Gabicce Mare"},"image":{"@id":"https:\/\/duparchotel.it\/de\/#\/schema\/logo\/image\/"},"sameAs":["https:\/\/www.facebook.com\/duparchotelgabicce","https:\/\/www.instagram.com\/duparchotel.gabicce\/"]}]}},"_links":{"self":[{"href":"https:\/\/duparchotel.it\/de\/wp-json\/wp\/v2\/pages\/1514","targetHints":{"allow":["GET"]}}],"collection":[{"href":"https:\/\/duparchotel.it\/de\/wp-json\/wp\/v2\/pages"}],"about":[{"href":"https:\/\/duparchotel.it\/de\/wp-json\/wp\/v2\/types\/page"}],"author":[{"embeddable":true,"href":"https:\/\/duparchotel.it\/de\/wp-json\/wp\/v2\/users\/1"}],"replies":[{"embeddable":true,"href":"https:\/\/duparchotel.it\/de\/wp-json\/wp\/v2\/comments?post=1514"}],"version-history":[{"count":0,"href":"https:\/\/duparchotel.it\/de\/wp-json\/wp\/v2\/pages\/1514\/revisions"}],"wp:attachment":[{"href":"https:\/\/duparchotel.it\/de\/wp-json\/wp\/v2\/media?parent=1514"}],"curies":[{"name":"wp","href":"https:\/\/api.w.org\/{rel}","templated":true}]}}